{"id":4210,"date":"2021-10-14T13:22:51","date_gmt":"2021-10-14T16:22:51","guid":{"rendered":"https:\/\/shop.mbernardesgems.com\/?page_id=4210"},"modified":"2021-12-03T16:59:45","modified_gmt":"2021-12-03T19:59:45","slug":"aquamarine-gemological-data","status":"publish","type":"page","link":"https:\/\/shop.mbernardesgems.com\/en\/aquamarine-gemological-data\/","title":{"rendered":"Aquamarine"},"content":{"rendered":"\t\t<div data-elementor-type=\"wp-page\" data-elementor-id=\"4210\" class=\"elementor elementor-4210 elementor-10144\" data-elementor-settings=\"[]\">\n\t\t\t\t\t\t<div class=\"elementor-inner\">\n\t\t\t\t\t\t\t<div class=\"elementor-section-wrap\">\n\t\t\t\t\t\t\t<section class=\"elementor-section elementor-top-section elementor-element elementor-element-cf3adbf elementor-section-height-min-height elementor-section-boxed elementor-section-height-default elementor-section-items-middle\" data-id=\"cf3adbf\" data-element_type=\"section\" data-settings=\"{&quot;background_background&quot;:&quot;classic&quot;}\">\n\t\t\t\t\t\t<div class=\"elementor-container elementor-column-gap-default\">\n\t\t\t\t\t\t\t<div class=\"elementor-row\">\n\t\t\t\t\t<div class=\"elementor-column elementor-col-100 elementor-top-column elementor-element elementor-element-d999910\" data-id=\"d999910\" data-element_type=\"column\">\n\t\t\t<div class=\"elementor-column-wrap elementor-element-populated\">\n\t\t\t\t\t\t\t<div class=\"elementor-widget-wrap\">\n\t\t\t\t\t\t<div class=\"elementor-element elementor-element-6f9340f elementor-widget elementor-widget-heading\" data-id=\"6f9340f\" data-element_type=\"widget\" data-widget_type=\"heading.default\">\n\t\t\t\t<div class=\"elementor-widget-container\">\n\t\t\t<h1 class=\"elementor-heading-title elementor-size-default\">Gemological Data\n<\/h1>\t\t<\/div>\n\t\t\t\t<\/div>\n\t\t\t\t\t\t<\/div>\n\t\t\t\t\t<\/div>\n\t\t<\/div>\n\t\t\t\t\t\t\t\t<\/div>\n\t\t\t\t\t<\/div>\n\t\t<\/section>\n\t\t\t\t<section class=\"elementor-section elementor-top-section elementor-element elementor-element-96f567b elementor-section-boxed elementor-section-height-default elementor-section-height-default\" data-id=\"96f567b\" data-element_type=\"section\">\n\t\t\t\t\t\t<div class=\"elementor-container elementor-column-gap-default\">\n\t\t\t\t\t\t\t<div class=\"elementor-row\">\n\t\t\t\t\t<div class=\"elementor-column elementor-col-50 elementor-top-column elementor-element elementor-element-70f81a7\" data-id=\"70f81a7\" data-element_type=\"column\">\n\t\t\t<div class=\"elementor-column-wrap elementor-element-populated\">\n\t\t\t\t\t\t\t<div class=\"elementor-widget-wrap\">\n\t\t\t\t\t\t<div class=\"elementor-element elementor-element-6815bd1 elementor-nav-menu__align-right elementor-nav-menu--dropdown-none elementor-widget elementor-widget-nav-menu\" data-id=\"6815bd1\" data-element_type=\"widget\" data-settings=\"{&quot;layout&quot;:&quot;vertical&quot;,&quot;sticky&quot;:&quot;top&quot;,&quot;sticky_parent&quot;:&quot;yes&quot;,&quot;submenu_icon&quot;:{&quot;value&quot;:&quot;&lt;i class=\\&quot;fas fa-caret-down\\&quot;&gt;&lt;\\\/i&gt;&quot;,&quot;library&quot;:&quot;fa-solid&quot;},&quot;sticky_on&quot;:[&quot;desktop&quot;,&quot;tablet&quot;,&quot;mobile&quot;],&quot;sticky_offset&quot;:0,&quot;sticky_effects_offset&quot;:0}\" data-widget_type=\"nav-menu.default\">\n\t\t\t\t<div class=\"elementor-widget-container\">\n\t\t\t\t\t\t<nav migration_allowed=\"1\" migrated=\"0\" role=\"navigation\" class=\"elementor-nav-menu--main elementor-nav-menu__container elementor-nav-menu--layout-vertical e--pointer-none\">\n\t\t\t\t<ul id=\"menu-1-6815bd1\" class=\"elementor-nav-menu sm-vertical\"><li class=\"menu-item menu-item-type-post_type menu-item-object-page menu-item-11768\"><a href=\"https:\/\/shop.mbernardesgems.com\/en\/indicolite\/\" class=\"elementor-item\">Indicolite<\/a><\/li>\n<li class=\"menu-item menu-item-type-post_type menu-item-object-page menu-item-11770\"><a href=\"https:\/\/shop.mbernardesgems.com\/en\/kunzite-gemological-data\/\" class=\"elementor-item\">Kunzite<\/a><\/li>\n<li class=\"menu-item menu-item-type-post_type menu-item-object-page menu-item-11771\"><a href=\"https:\/\/shop.mbernardesgems.com\/en\/morganite-gemological-data\/\" class=\"elementor-item\">Morganite<\/a><\/li>\n<li class=\"menu-item menu-item-type-post_type menu-item-object-page menu-item-11772\"><a href=\"https:\/\/shop.mbernardesgems.com\/en\/rubelite-gemological-data\/\" class=\"elementor-item\">Rubelite<\/a><\/li>\n<li class=\"menu-item menu-item-type-post_type menu-item-object-page menu-item-11773\"><a href=\"https:\/\/shop.mbernardesgems.com\/en\/imperial-topaz-gemological-data\/\" class=\"elementor-item\">Imperial Topaz<\/a><\/li>\n<li class=\"menu-item menu-item-type-post_type menu-item-object-page menu-item-11774\"><a href=\"https:\/\/shop.mbernardesgems.com\/en\/yellow-tourmaline-gemological-data\/\" class=\"elementor-item\">Yellow Tourmaline<\/a><\/li>\n<li class=\"menu-item menu-item-type-post_type menu-item-object-page menu-item-11775\"><a href=\"https:\/\/shop.mbernardesgems.com\/en\/bicolor-tourmaline-gemological-data\/\" class=\"elementor-item\">Bicolor Tourmaline<\/a><\/li>\n<li class=\"menu-item menu-item-type-post_type menu-item-object-page menu-item-11776\"><a href=\"https:\/\/shop.mbernardesgems.com\/en\/paraiba-tourmaline-gemological-data\/\" class=\"elementor-item\">Paraiba Tourmaline<\/a><\/li>\n<li class=\"menu-item menu-item-type-post_type menu-item-object-page menu-item-11777\"><a href=\"https:\/\/shop.mbernardesgems.com\/en\/pink-tourmaline-gemological-data\/\" class=\"elementor-item\">Pink Tourmaline<\/a><\/li>\n<li class=\"menu-item menu-item-type-post_type menu-item-object-page menu-item-11778\"><a href=\"https:\/\/shop.mbernardesgems.com\/en\/green-tourmaline-gemological-data\/\" class=\"elementor-item\">Green Tourmaline \/ Blue<\/a><\/li>\n<\/ul>\t\t\t<\/nav>\n\t\t\t\t\t<div class=\"elementor-menu-toggle\" role=\"button\" tabindex=\"0\" aria-label=\"Menu Toggle\" aria-expanded=\"false\">\n\t\t\t<i aria-hidden=\"true\" role=\"presentation\" class=\"elementor-menu-toggle__icon--open eicon-menu-bar\"><\/i><i aria-hidden=\"true\" role=\"presentation\" class=\"elementor-menu-toggle__icon--close eicon-close\"><\/i>\t\t\t<span class=\"elementor-screen-only\">Menu<\/span>\n\t\t<\/div>\n\t\t\t<nav class=\"elementor-nav-menu--dropdown elementor-nav-menu__container\" role=\"navigation\" aria-hidden=\"true\">\n\t\t\t\t<ul id=\"menu-2-6815bd1\" class=\"elementor-nav-menu sm-vertical\"><li class=\"menu-item menu-item-type-post_type menu-item-object-page menu-item-11768\"><a href=\"https:\/\/shop.mbernardesgems.com\/en\/indicolite\/\" class=\"elementor-item\" tabindex=\"-1\">Indicolite<\/a><\/li>\n<li class=\"menu-item menu-item-type-post_type menu-item-object-page menu-item-11770\"><a href=\"https:\/\/shop.mbernardesgems.com\/en\/kunzite-gemological-data\/\" class=\"elementor-item\" tabindex=\"-1\">Kunzite<\/a><\/li>\n<li class=\"menu-item menu-item-type-post_type menu-item-object-page menu-item-11771\"><a href=\"https:\/\/shop.mbernardesgems.com\/en\/morganite-gemological-data\/\" class=\"elementor-item\" tabindex=\"-1\">Morganite<\/a><\/li>\n<li class=\"menu-item menu-item-type-post_type menu-item-object-page menu-item-11772\"><a href=\"https:\/\/shop.mbernardesgems.com\/en\/rubelite-gemological-data\/\" class=\"elementor-item\" tabindex=\"-1\">Rubelite<\/a><\/li>\n<li class=\"menu-item menu-item-type-post_type menu-item-object-page menu-item-11773\"><a href=\"https:\/\/shop.mbernardesgems.com\/en\/imperial-topaz-gemological-data\/\" class=\"elementor-item\" tabindex=\"-1\">Imperial Topaz<\/a><\/li>\n<li class=\"menu-item menu-item-type-post_type menu-item-object-page menu-item-11774\"><a href=\"https:\/\/shop.mbernardesgems.com\/en\/yellow-tourmaline-gemological-data\/\" class=\"elementor-item\" tabindex=\"-1\">Yellow Tourmaline<\/a><\/li>\n<li class=\"menu-item menu-item-type-post_type menu-item-object-page menu-item-11775\"><a href=\"https:\/\/shop.mbernardesgems.com\/en\/bicolor-tourmaline-gemological-data\/\" class=\"elementor-item\" tabindex=\"-1\">Bicolor Tourmaline<\/a><\/li>\n<li class=\"menu-item menu-item-type-post_type menu-item-object-page menu-item-11776\"><a href=\"https:\/\/shop.mbernardesgems.com\/en\/paraiba-tourmaline-gemological-data\/\" class=\"elementor-item\" tabindex=\"-1\">Paraiba Tourmaline<\/a><\/li>\n<li class=\"menu-item menu-item-type-post_type menu-item-object-page menu-item-11777\"><a href=\"https:\/\/shop.mbernardesgems.com\/en\/pink-tourmaline-gemological-data\/\" class=\"elementor-item\" tabindex=\"-1\">Pink Tourmaline<\/a><\/li>\n<li class=\"menu-item menu-item-type-post_type menu-item-object-page menu-item-11778\"><a href=\"https:\/\/shop.mbernardesgems.com\/en\/green-tourmaline-gemological-data\/\" class=\"elementor-item\" tabindex=\"-1\">Green Tourmaline \/ Blue<\/a><\/li>\n<\/ul>\t\t\t<\/nav>\n\t\t\t\t<\/div>\n\t\t\t\t<\/div>\n\t\t\t\t\t\t<\/div>\n\t\t\t\t\t<\/div>\n\t\t<\/div>\n\t\t\t\t<div class=\"elementor-column elementor-col-50 elementor-top-column elementor-element elementor-element-7a111cc\" data-id=\"7a111cc\" data-element_type=\"column\">\n\t\t\t<div class=\"elementor-column-wrap elementor-element-populated\">\n\t\t\t\t\t\t\t<div class=\"elementor-widget-wrap\">\n\t\t\t\t\t\t<div class=\"elementor-element elementor-element-7fa2498 elementor-widget elementor-widget-heading\" data-id=\"7fa2498\" data-element_type=\"widget\" data-widget_type=\"heading.default\">\n\t\t\t\t<div class=\"elementor-widget-container\">\n\t\t\t<h4 class=\"elementor-heading-title elementor-size-default\">Aquamarine<\/h4>\t\t<\/div>\n\t\t\t\t<\/div>\n\t\t\t\t<div class=\"elementor-element elementor-element-8da5e55 elementor-widget elementor-widget-heading\" data-id=\"8da5e55\" data-element_type=\"widget\" data-widget_type=\"heading.default\">\n\t\t\t\t<div class=\"elementor-widget-container\">\n\t\t\t<h2 class=\"elementor-heading-title elementor-size-default\">Generic Information:<\/h2>\t\t<\/div>\n\t\t\t\t<\/div>\n\t\t\t\t<div class=\"elementor-element elementor-element-67a7cb2 elementor-widget elementor-widget-text-editor\" data-id=\"67a7cb2\" data-element_type=\"widget\" data-widget_type=\"text-editor.default\">\n\t\t\t\t<div class=\"elementor-widget-container\">\n\t\t\t\t\t\t\t\t<div class=\"elementor-text-editor elementor-clearfix\">\n\t\t\t\t<p>Name Origin: Its name is due to its color similar to seawater.<\/p><p>Main Colors: Blue, greenish-blue, and grayish-blue.<\/p>\t\t\t\t\t<\/div>\n\t\t\t\t\t\t<\/div>\n\t\t\t\t<\/div>\n\t\t\t\t<div class=\"elementor-element elementor-element-cf6dc84 elementor-widget elementor-widget-text-editor\" data-id=\"cf6dc84\" data-element_type=\"widget\" data-widget_type=\"text-editor.default\">\n\t\t\t\t<div class=\"elementor-widget-container\">\n\t\t\t\t\t\t\t\t<div class=\"elementor-text-editor elementor-clearfix\">\n\t\t\t\t<p>Producing Countries: The Aquamarine mines in Brazil have been known for nearly three centuries and still produce a good part of the world&#8217;s production to this day, especially in the cities of Coronel Murta, Ara\u00e7ua\u00ed, and Marambaia in Minas Gerais and in the region of Tenente Ananias in Rio Grande do Norte. Also, the Esp\u00edrito Santo mines are important. Historically, Brazil was the world&#8217;s largest producer of Aquamarine, but the recent tightening of labor laws and environmental legislation has made mining more expensive.<br \/>Beautiful stones are obtained high in the mountains of Pakistan. It provides the world with some of the finest stones, found at 3,000 or even 4,000 meters in altitude, which makes mining very difficult. Other important sources include Kenya, Zambia, Nigeria, Madagascar, and Mozambique in Africa, and China in Asia.<br \/>Most Aquamarines nowadays come from Mozambique and Nigeria. More recent regular productions ocurred at the Cabo Delgado mine in the Cabo Delgado Province in Mozambique.<br \/>Geologically, Aquamarines are found in pegmatites, intrusive igneous rocks basically formed by quartz and feldspar as a matrix. Almost all mining is underground, following the pegmatites. The crystals can weigh from grams to tens of kilos, but only a small fraction of the production is pure enough to be cut.<\/p>\t\t\t\t\t<\/div>\n\t\t\t\t\t\t<\/div>\n\t\t\t\t<\/div>\n\t\t\t\t<div class=\"elementor-element elementor-element-725c5a3 elementor-widget elementor-widget-text-editor\" data-id=\"725c5a3\" data-element_type=\"widget\" data-widget_type=\"text-editor.default\">\n\t\t\t\t<div class=\"elementor-widget-container\">\n\t\t\t\t\t\t\t\t<div class=\"elementor-text-editor elementor-clearfix\">\n\t\t\t\t<p>Common Shapes: Oval and drop, round, antique and octagonal. They can also be calibrated up to the larger 20&#215;15 sizes. As they have no cleavage, cutting is relatively simple. Most have no inclusions seen by the naked eye.<\/p><p>Usual Treatment: heating around 400 to 450\u00b0C, making the blue color stand out, removing the greenish overshade. Most of the world&#8217;s production is routinely treated in this way. <\/p>\t\t\t\t\t<\/div>\n\t\t\t\t\t\t<\/div>\n\t\t\t\t<\/div>\n\t\t\t\t<div class=\"elementor-element elementor-element-226ed2b elementor-widget elementor-widget-heading\" data-id=\"226ed2b\" data-element_type=\"widget\" data-widget_type=\"heading.default\">\n\t\t\t\t<div class=\"elementor-widget-container\">\n\t\t\t<h2 class=\"elementor-heading-title elementor-size-default\">Gemological Data:\n<\/h2>\t\t<\/div>\n\t\t\t\t<\/div>\n\t\t\t\t<div class=\"elementor-element elementor-element-71a2d2e pp-table-center elementor-widget elementor-widget-pp-table\" data-id=\"71a2d2e\" data-element_type=\"widget\" data-settings=\"{&quot;table_type&quot;:&quot;responsive&quot;,&quot;scrollable&quot;:&quot;no&quot;}\" data-widget_type=\"pp-table.default\">\n\t\t\t\t<div class=\"elementor-widget-container\">\n\t\t\t\t\t<div class=\"pp-table-container\">\n\t\t\t<table \n\t\t\tclass=\"pp-table tablesaw\" data-tablesaw-mode=\"stack\"\t\t\t\t>\n\t\t\t\t\t\t\t<colgroup>\n\t\t\t\t\t\t\t\t<col\n\t\t\t\t\tspan=\"1\"\n\t\t\t\t\tclass=\"elementor-repeater-item-6bb7665\"\n\t\t\t\t\t\t\t\t\t\t\tstyle=\"\n\t\t\t\t\t\t\t\t\t\t\t\t\t\t\t\t\t\t\t\t\"\n\t\t\t\t\t\t\t\t\t\t>\n\t\t\t\t\t\t\t<\/colgroup>\n\t\t\t\t\t\t<thead>\n\t\t\t\t<tr class=\"pp-table-row\">\n\t\t\t\t\t<th class=\"pp-table-cell pp-table-cell-098a617\"><span class=\"pp-table-cell-content\"><span class=\"pp-table-cell-text\">Species:<\/span><\/span><\/th><th class=\"pp-table-cell pp-table-cell-c8addb4\"><span class=\"pp-table-cell-content\"><span class=\"pp-table-cell-text\">Blue variety of the beryl species<\/span><\/span><\/th>\t\t\t\t<\/tr>\n\t\t\t<\/thead>\n\t\t\t\t\t<tfoot>\n\t\t\t<\/tr>\t\t<\/tfoot>\n\t\t\t\t<tbody>\n\t\t\t<tr><td class=\"pp-table-cell pp-table-cell-2d592bf\"><span class=\"pp-table-cell-content\"><span class=\"pp-table-cell-text\">Hardness of Mohs:<\/span><\/span><\/td><td class=\"pp-table-cell pp-table-cell-7f23d39\"><span class=\"pp-table-cell-content\"><span class=\"pp-table-cell-text\">7,5\/8\n<\/span><\/span><\/td><\/tr><tr><td class=\"pp-table-cell pp-table-cell-7343d2a\"><span class=\"pp-table-cell-content\"><span class=\"pp-table-cell-text\">Specific Density:<\/span><\/span><\/td><td class=\"pp-table-cell pp-table-cell-193fcb5\"><span class=\"pp-table-cell-content\"><span class=\"pp-table-cell-text\">2,72 (\u00b10.12)\n<\/span><\/span><\/td><\/tr><tr><td class=\"pp-table-cell pp-table-cell-07e0a2c\"><span class=\"pp-table-cell-content\"><span class=\"pp-table-cell-text\">Cleavage:<\/span><\/span><\/td><td class=\"pp-table-cell pp-table-cell-072cb44\"><span class=\"pp-table-cell-content\"><span class=\"pp-table-cell-text\">Indistinct<\/span><\/span><\/td><\/tr><tr><td class=\"pp-table-cell pp-table-cell-56bc1c7\"><span class=\"pp-table-cell-content\"><span class=\"pp-table-cell-text\">Fracture:<\/span><\/span><\/td><td class=\"pp-table-cell pp-table-cell-c1eeddf\"><span class=\"pp-table-cell-content\"><span class=\"pp-table-cell-text\">Concoid, irregular, splintered<\/span><\/span><\/td><\/tr><tr><td class=\"pp-table-cell pp-table-cell-1141adf\"><span class=\"pp-table-cell-content\"><span class=\"pp-table-cell-text\">Crystal System:<\/span><\/span><\/td><td class=\"pp-table-cell pp-table-cell-353d681\"><span class=\"pp-table-cell-content\"><span class=\"pp-table-cell-text\">Hexagonal, hexagonal prisms, columnar crystals<\/span><\/span><\/td><\/tr><tr><td class=\"pp-table-cell pp-table-cell-607bff2\"><span class=\"pp-table-cell-content\"><span class=\"pp-table-cell-text\">Chemical Composition:<\/span><\/span><\/td><td class=\"pp-table-cell pp-table-cell-0fcb6f5\"><span class=\"pp-table-cell-content\"><span class=\"pp-table-cell-text\">Be\u2083Al\u2082(SiO\u2083)\u2086 Beryllium Aluminum Silicate<\/span><\/span><\/td><\/tr><tr><td class=\"pp-table-cell pp-table-cell-43ce8ad\"><span class=\"pp-table-cell-content\"><span class=\"pp-table-cell-text\">Transparency:<\/span><\/span><\/td><td class=\"pp-table-cell pp-table-cell-f574e14\"><span class=\"pp-table-cell-content\"><span class=\"pp-table-cell-text\">Transparent to opaque<\/span><\/span><\/td><\/tr><tr><td class=\"pp-table-cell pp-table-cell-6073f02\"><span class=\"pp-table-cell-content\"><span class=\"pp-table-cell-text\">Refractive Index:<\/span><\/span><\/td><td class=\"pp-table-cell pp-table-cell-75f0852\"><span class=\"pp-table-cell-content\"><span class=\"pp-table-cell-text\">1,577-1,583 (\u00b10,017)\n<\/span><\/span><\/td><\/tr><tr><td class=\"pp-table-cell pp-table-cell-0797241\"><span class=\"pp-table-cell-content\"><span class=\"pp-table-cell-text\">Birefringence:<\/span><\/span><\/td><td class=\"pp-table-cell pp-table-cell-1d8e42c\"><span class=\"pp-table-cell-content\"><span class=\"pp-table-cell-text\">0,005 a 0,009\n<\/span><\/span><\/td><\/tr><tr><td class=\"pp-table-cell pp-table-cell-95abc4a\"><span class=\"pp-table-cell-content\"><span class=\"pp-table-cell-text\">Dispersion:<\/span><\/span><\/td><td class=\"pp-table-cell pp-table-cell-26a462d\"><span class=\"pp-table-cell-content\"><span class=\"pp-table-cell-text\">0,014\n<\/span><\/span><\/td><\/tr><tr><td class=\"pp-table-cell pp-table-cell-3840e2e\"><span class=\"pp-table-cell-content\"><span class=\"pp-table-cell-text\">Pleochroism:<\/span><\/span><\/td><td class=\"pp-table-cell pp-table-cell-4e3e3e3\"><span class=\"pp-table-cell-content\"><span class=\"pp-table-cell-text\">Defined - almost colorless - light blue, blue: sky blue, slightly blue-green<\/span><\/span><\/td><\/tr><tr><td class=\"pp-table-cell pp-table-cell-c822872\"><span class=\"pp-table-cell-content\"><span class=\"pp-table-cell-text\">Luster:<\/span><\/span><\/td><td class=\"pp-table-cell pp-table-cell-1fc7198\"><span class=\"pp-table-cell-content\"><span class=\"pp-table-cell-text\">Vitreous<\/span><\/span><\/td><\/tr><tr><td class=\"pp-table-cell pp-table-cell-3a03c9c\"><span class=\"pp-table-cell-content\"><span class=\"pp-table-cell-text\">Fluorescence:<\/span><\/span><\/td><td class=\"pp-table-cell pp-table-cell-ae5c509\"><span class=\"pp-table-cell-content\"><span class=\"pp-table-cell-text\">Inert<\/span><\/span><\/td><\/tr>\t\t<\/tbody>\n\t\t\t\t\t<\/table>\n\t\t<\/div>\n\t\t\t\t<\/div>\n\t\t\t\t<\/div>\n\t\t\t\t\t\t<\/div>\n\t\t\t\t\t<\/div>\n\t\t<\/div>\n\t\t\t\t\t\t\t\t<\/div>\n\t\t\t\t\t<\/div>\n\t\t<\/section>\n\t\t\t\t\t\t<\/div>\n\t\t\t\t\t\t<\/div>\n\t\t\t\t\t<\/div>\n\t\t","protected":false},"excerpt":{"rendered":"<p>Gemological Data Aquamarine Generic Information: Name Origin: Its name is due to its color similar to seawater. Main Colors: Blue, greenish-blue, and grayish-blue. Producing Countries: The Aquamarine mines in Brazil have been known for nearly three centuries and still produce a good part of the world&#8217;s production to this day, especially in the cities of [&hellip;]<\/p>\n","protected":false},"author":2,"featured_media":0,"parent":0,"menu_order":0,"comment_status":"closed","ping_status":"closed","template":"","meta":[],"_links":{"self":[{"href":"https:\/\/shop.mbernardesgems.com\/en\/wp-json\/wp\/v2\/pages\/4210"}],"collection":[{"href":"https:\/\/shop.mbernardesgems.com\/en\/wp-json\/wp\/v2\/pages"}],"about":[{"href":"https:\/\/shop.mbernardesgems.com\/en\/wp-json\/wp\/v2\/types\/page"}],"author":[{"embeddable":true,"href":"https:\/\/shop.mbernardesgems.com\/en\/wp-json\/wp\/v2\/users\/2"}],"replies":[{"embeddable":true,"href":"https:\/\/shop.mbernardesgems.com\/en\/wp-json\/wp\/v2\/comments?post=4210"}],"version-history":[{"count":9,"href":"https:\/\/shop.mbernardesgems.com\/en\/wp-json\/wp\/v2\/pages\/4210\/revisions"}],"predecessor-version":[{"id":10657,"href":"https:\/\/shop.mbernardesgems.com\/en\/wp-json\/wp\/v2\/pages\/4210\/revisions\/10657"}],"wp:attachment":[{"href":"https:\/\/shop.mbernardesgems.com\/en\/wp-json\/wp\/v2\/media?parent=4210"}],"curies":[{"name":"wp","href":"https:\/\/api.w.org\/{rel}","templated":true}]}}